{"id":302,"date":"2026-02-13T15:05:19","date_gmt":"2026-02-13T15:05:19","guid":{"rendered":"https:\/\/kadrus.lt\/?page_id=302"},"modified":"2026-03-31T09:11:09","modified_gmt":"2026-03-31T09:11:09","slug":"asmenines-sventes","status":"publish","type":"page","link":"https:\/\/kadrus.lt\/?page_id=302","title":{"rendered":""},"content":{"rendered":"\n<div class=\"wp-block-group alignfull superbthemes-navigation-004 is-layout-flow wp-block-group-is-layout-flow\" style=\"margin-top:0;margin-bottom:0;padding-top:0;padding-bottom:0\">\n<div class=\"wp-block-cover has-parallax is-repeated superb-addons-hide-on-mobile superb-addons-hide-on-tablet\" style=\"margin-top:0;margin-bottom:0;padding-top:0;padding-right:0;padding-bottom:0;padding-left:0;min-height:358px;aspect-ratio:unset;\"><div class=\"wp-block-cover__image-background wp-image-531 size-full has-parallax is-repeated\" style=\"background-position:60% 9%;background-image:url(https:\/\/kadrus.lt\/wp-content\/uploads\/2026\/03\/DSC_2121-scaled.jpg)\"><\/div><span aria-hidden=\"true\" class=\"wp-block-cover__background has-background-dim-10 has-background-dim\" style=\"background-color:#47362c\"><\/span><div class=\"wp-block-cover__inner-container is-layout-flow wp-container-core-cover-is-layout-6aa38960 wp-block-cover-is-layout-flow\">\n<div class=\"wp-block-group alignwide has-contrast-light-color has-text-color is-layout-flow wp-block-group-is-layout-flow\"><header class=\"wp-block-template-part\">\n<div superb-addons-animation=\"fadeInUp\" class=\"wp-block-group is-style-default is-horizontal is-content-justification-left is-nowrap is-layout-flex wp-container-core-group-is-layout-5f550534 wp-block-group-is-layout-flex wp-container-1 is-position-sticky\" style=\"padding-right:var(--wp--preset--spacing--superbspacing-large);padding-left:var(--wp--preset--spacing--superbspacing-large);opacity: 0;\">\n<div style=\"height:100px;width:44px\" aria-hidden=\"true\" class=\"wp-block-spacer wp-container-content-442e7b1a\"><\/div>\n\n\n<div class=\"wp-block-site-logo\"><a href=\"https:\/\/kadrus.lt\/\" class=\"custom-logo-link\" rel=\"home\"><img decoding=\"async\" width=\"137\" height=\"115\" src=\"https:\/\/kadrus.lt\/wp-content\/uploads\/2026\/02\/Untitled-1-1.png\" class=\"custom-logo\" alt=\"Kadrus.lt\" srcset=\"https:\/\/kadrus.lt\/wp-content\/uploads\/2026\/02\/Untitled-1-1.png 1000w, https:\/\/kadrus.lt\/wp-content\/uploads\/2026\/02\/Untitled-1-1-300x253.png 300w, https:\/\/kadrus.lt\/wp-content\/uploads\/2026\/02\/Untitled-1-1-768x647.png 768w\" sizes=\"(max-width: 137px) 100vw, 137px\" \/><\/a><\/div>\n\n\n<div style=\"height:100px;width:368px\" aria-hidden=\"true\" class=\"wp-block-spacer wp-container-content-0ac935bc\"><\/div>\n\n\n\n<p class=\"has-contrast-light-color has-text-color has-link-color wp-elements-585111c6a8c652bab80b97019884a30a\" style=\"padding-right:var(--wp--preset--spacing--superbspacing-xsmall);padding-left:var(--wp--preset--spacing--superbspacing-xsmall)\"><a href=\"https:\/\/kadrus.lt\/\">Pagrindinis<\/a><\/p>\n\n\n\n<p class=\"has-contrast-light-color has-text-color has-link-color wp-elements-0a42a2cf7b24db79fd6f315609f608b9\" style=\"padding-right:var(--wp--preset--spacing--superbspacing-xsmall);padding-left:var(--wp--preset--spacing--superbspacing-xsmall)\">  <a href=\"https:\/\/kadrus.lt\/?page_id=7\" data-type=\"page\" data-id=\"7\">Portfolio<\/a><\/p>\n\n\n\n<p class=\"has-contrast-light-color has-text-color has-link-color wp-elements-84006ac3694076045e3f3d4d0b775fb2\" style=\"padding-right:var(--wp--preset--spacing--superbspacing-xsmall);padding-left:var(--wp--preset--spacing--superbspacing-xsmall)\"><a href=\"https:\/\/kadrus.lt\/?page_id=6\" data-type=\"page\" data-id=\"6\">Apie<\/a><\/p>\n\n\n\n<p class=\"has-contrast-light-color has-text-color has-link-color wp-elements-5352d680b334f3d06391e100537ff1ee\" style=\"padding-right:var(--wp--preset--spacing--superbspacing-xsmall);padding-left:var(--wp--preset--spacing--superbspacing-xsmall)\"> <a href=\"https:\/\/kadrus.lt\/?page_id=33\" data-type=\"page\" data-id=\"33\">Kontaktai<\/a><\/p>\n\n\n\n<div style=\"height:100px;width:120px\" aria-hidden=\"true\" class=\"wp-block-spacer wp-container-content-3b250452\"><\/div>\n\n\n\n<ul class=\"wp-block-social-links is-style-logos-only is-horizontal is-content-justification-left is-layout-flex wp-container-core-social-links-is-layout-1a09bdc8 wp-block-social-links-is-layout-flex\"><li class=\"wp-social-link wp-social-link-instagram has-contrast-light-color wp-block-social-link\"><a href=\"https:\/\/www.instagram.com\/kadrus.lt\/\" class=\"wp-block-social-link-anchor\"><svg width=\"24\" height=\"24\" viewBox=\"0 0 24 24\" version=\"1.1\" xmlns=\"http:\/\/www.w3.org\/2000\/svg\" aria-hidden=\"true\" focusable=\"false\"><path d=\"M12,4.622c2.403,0,2.688,0.009,3.637,0.052c0.877,0.04,1.354,0.187,1.671,0.31c0.42,0.163,0.72,0.358,1.035,0.673 c0.315,0.315,0.51,0.615,0.673,1.035c0.123,0.317,0.27,0.794,0.31,1.671c0.043,0.949,0.052,1.234,0.052,3.637 s-0.009,2.688-0.052,3.637c-0.04,0.877-0.187,1.354-0.31,1.671c-0.163,0.42-0.358,0.72-0.673,1.035 c-0.315,0.315-0.615,0.51-1.035,0.673c-0.317,0.123-0.794,0.27-1.671,0.31c-0.949,0.043-1.233,0.052-3.637,0.052 s-2.688-0.009-3.637-0.052c-0.877-0.04-1.354-0.187-1.671-0.31c-0.42-0.163-0.72-0.358-1.035-0.673 c-0.315-0.315-0.51-0.615-0.673-1.035c-0.123-0.317-0.27-0.794-0.31-1.671C4.631,14.688,4.622,14.403,4.622,12 s0.009-2.688,0.052-3.637c0.04-0.877,0.187-1.354,0.31-1.671c0.163-0.42,0.358-0.72,0.673-1.035 c0.315-0.315,0.615-0.51,1.035-0.673c0.317-0.123,0.794-0.27,1.671-0.31C9.312,4.631,9.597,4.622,12,4.622 M12,3 C9.556,3,9.249,3.01,8.289,3.054C7.331,3.098,6.677,3.25,6.105,3.472C5.513,3.702,5.011,4.01,4.511,4.511 c-0.5,0.5-0.808,1.002-1.038,1.594C3.25,6.677,3.098,7.331,3.054,8.289C3.01,9.249,3,9.556,3,12c0,2.444,0.01,2.751,0.054,3.711 c0.044,0.958,0.196,1.612,0.418,2.185c0.23,0.592,0.538,1.094,1.038,1.594c0.5,0.5,1.002,0.808,1.594,1.038 c0.572,0.222,1.227,0.375,2.185,0.418C9.249,20.99,9.556,21,12,21s2.751-0.01,3.711-0.054c0.958-0.044,1.612-0.196,2.185-0.418 c0.592-0.23,1.094-0.538,1.594-1.038c0.5-0.5,0.808-1.002,1.038-1.594c0.222-0.572,0.375-1.227,0.418-2.185 C20.99,14.751,21,14.444,21,12s-0.01-2.751-0.054-3.711c-0.044-0.958-0.196-1.612-0.418-2.185c-0.23-0.592-0.538-1.094-1.038-1.594 c-0.5-0.5-1.002-0.808-1.594-1.038c-0.572-0.222-1.227-0.375-2.185-0.418C14.751,3.01,14.444,3,12,3L12,3z M12,7.378 c-2.552,0-4.622,2.069-4.622,4.622S9.448,16.622,12,16.622s4.622-2.069,4.622-4.622S14.552,7.378,12,7.378z M12,15 c-1.657,0-3-1.343-3-3s1.343-3,3-3s3,1.343,3,3S13.657,15,12,15z M16.804,6.116c-0.596,0-1.08,0.484-1.08,1.08 s0.484,1.08,1.08,1.08c0.596,0,1.08-0.484,1.08-1.08S17.401,6.116,16.804,6.116z\"><\/path><\/svg><span class=\"wp-block-social-link-label screen-reader-text\">Instagram<\/span><\/a><\/li>\n\n<li class=\"wp-social-link wp-social-link-facebook has-contrast-light-color wp-block-social-link\"><a href=\"https:\/\/www.facebook.com\/profile.php?id=61583126053945\" class=\"wp-block-social-link-anchor\"><svg width=\"24\" height=\"24\" viewBox=\"0 0 24 24\" version=\"1.1\" xmlns=\"http:\/\/www.w3.org\/2000\/svg\" aria-hidden=\"true\" focusable=\"false\"><path d=\"M12 2C6.5 2 2 6.5 2 12c0 5 3.7 9.1 8.4 9.9v-7H7.9V12h2.5V9.8c0-2.5 1.5-3.9 3.8-3.9 1.1 0 2.2.2 2.2.2v2.5h-1.3c-1.2 0-1.6.8-1.6 1.6V12h2.8l-.4 2.9h-2.3v7C18.3 21.1 22 17 22 12c0-5.5-4.5-10-10-10z\"><\/path><\/svg><span class=\"wp-block-social-link-label screen-reader-text\">Facebook<\/span><\/a><\/li>\n\n<li class=\"wp-social-link wp-social-link-tiktok has-contrast-light-color wp-block-social-link\"><a href=\"https:\/\/www.tiktok.com\/@kadrus.lt\" class=\"wp-block-social-link-anchor\"><svg width=\"24\" height=\"24\" viewBox=\"0 0 32 32\" version=\"1.1\" xmlns=\"http:\/\/www.w3.org\/2000\/svg\" aria-hidden=\"true\" focusable=\"false\"><path d=\"M16.708 0.027c1.745-0.027 3.48-0.011 5.213-0.027 0.105 2.041 0.839 4.12 2.333 5.563 1.491 1.479 3.6 2.156 5.652 2.385v5.369c-1.923-0.063-3.855-0.463-5.6-1.291-0.76-0.344-1.468-0.787-2.161-1.24-0.009 3.896 0.016 7.787-0.025 11.667-0.104 1.864-0.719 3.719-1.803 5.255-1.744 2.557-4.771 4.224-7.88 4.276-1.907 0.109-3.812-0.411-5.437-1.369-2.693-1.588-4.588-4.495-4.864-7.615-0.032-0.667-0.043-1.333-0.016-1.984 0.24-2.537 1.495-4.964 3.443-6.615 2.208-1.923 5.301-2.839 8.197-2.297 0.027 1.975-0.052 3.948-0.052 5.923-1.323-0.428-2.869-0.308-4.025 0.495-0.844 0.547-1.485 1.385-1.819 2.333-0.276 0.676-0.197 1.427-0.181 2.145 0.317 2.188 2.421 4.027 4.667 3.828 1.489-0.016 2.916-0.88 3.692-2.145 0.251-0.443 0.532-0.896 0.547-1.417 0.131-2.385 0.079-4.76 0.095-7.145 0.011-5.375-0.016-10.735 0.025-16.093z\" \/><\/svg><span class=\"wp-block-social-link-label screen-reader-text\">TikTok<\/span><\/a><\/li><\/ul>\n<\/div>\n<\/header><\/div>\n<\/div><\/div>\n<\/div>\n\n\n\n<div class=\"wp-block-group alignfull has-background has-global-padding is-layout-constrained wp-container-core-group-is-layout-01a30e5e wp-block-group-is-layout-constrained\" style=\"background-color:#c7a37d82;margin-top:0;margin-bottom:0;padding-top:var(--wp--preset--spacing--superbspacing-medium);padding-right:var(--wp--preset--spacing--superbspacing-small);padding-bottom:var(--wp--preset--spacing--superbspacing-medium);padding-left:var(--wp--preset--spacing--superbspacing-small)\">\n<h1 class=\"wp-block-heading has-text-align-center has-contrast-light-color has-text-color has-link-color has-superbfont-xxlarge-font-size wp-elements-90795c9b717ea293aad29bea51b18af0\" style=\"margin-top:0;margin-bottom:0;font-style:normal;font-weight:600\">Asmenin\u0117s \u0161vent\u0117s<\/h1>\n\n\n\n<figure class=\"wp-block-gallery has-nested-images columns-default is-cropped wp-block-gallery-2 is-layout-flex wp-block-gallery-is-layout-flex\">\n<figure style=\"opacity: 0;\" superb-addons-animation=\"zoomIn\" class=\"wp-block-image size-full has-custom-border\"><img fetchpriority=\"high\" decoding=\"async\" width=\"1702\" height=\"2560\" data-id=\"362\" src=\"https:\/\/kadrus.lt\/wp-content\/uploads\/2026\/02\/DSC_9230-scaled.jpg\" alt=\"\" class=\"wp-image-362\" style=\"border-radius:5px\" srcset=\"https:\/\/kadrus.lt\/wp-content\/uploads\/2026\/02\/DSC_9230-scaled.jpg 1702w, https:\/\/kadrus.lt\/wp-content\/uploads\/2026\/02\/DSC_9230-199x300.jpg 199w, https:\/\/kadrus.lt\/wp-content\/uploads\/2026\/02\/DSC_9230-681x1024.jpg 681w, https:\/\/kadrus.lt\/wp-content\/uploads\/2026\/02\/DSC_9230-768x1155.jpg 768w, https:\/\/kadrus.lt\/wp-content\/uploads\/2026\/02\/DSC_9230-1021x1536.jpg 1021w, https:\/\/kadrus.lt\/wp-content\/uploads\/2026\/02\/DSC_9230-1362x2048.jpg 1362w\" sizes=\"(max-width: 1702px) 100vw, 1702px\" \/><\/figure>\n\n\n\n<figure style=\"opacity: 0;\" superb-addons-animation=\"zoomIn\" class=\"wp-block-image size-full has-custom-border\"><img loading=\"lazy\" decoding=\"async\" width=\"1974\" height=\"2560\" data-id=\"567\" src=\"https:\/\/kadrus.lt\/wp-content\/uploads\/2026\/03\/DSC_3264-scaled.jpg\" alt=\"\" class=\"wp-image-567\" style=\"border-top-left-radius:5px;border-top-right-radius:5px;border-bottom-left-radius:5px;border-bottom-right-radius:5px\" srcset=\"https:\/\/kadrus.lt\/wp-content\/uploads\/2026\/03\/DSC_3264-scaled.jpg 1974w, https:\/\/kadrus.lt\/wp-content\/uploads\/2026\/03\/DSC_3264-231x300.jpg 231w, https:\/\/kadrus.lt\/wp-content\/uploads\/2026\/03\/DSC_3264-790x1024.jpg 790w, https:\/\/kadrus.lt\/wp-content\/uploads\/2026\/03\/DSC_3264-768x996.jpg 768w, https:\/\/kadrus.lt\/wp-content\/uploads\/2026\/03\/DSC_3264-1184x1536.jpg 1184w, https:\/\/kadrus.lt\/wp-content\/uploads\/2026\/03\/DSC_3264-1579x2048.jpg 1579w\" sizes=\"(max-width: 1974px) 100vw, 1974px\" \/><\/figure>\n\n\n\n<figure style=\"opacity: 0;\" superb-addons-animation=\"zoomIn\" class=\"wp-block-image size-full has-custom-border\"><img loading=\"lazy\" decoding=\"async\" width=\"1988\" height=\"2560\" data-id=\"558\" src=\"https:\/\/kadrus.lt\/wp-content\/uploads\/2026\/03\/DSC_7135-scaled.jpg\" alt=\"\" class=\"wp-image-558\" style=\"border-top-left-radius:5px;border-top-right-radius:5px;border-bottom-left-radius:5px;border-bottom-right-radius:5px\" srcset=\"https:\/\/kadrus.lt\/wp-content\/uploads\/2026\/03\/DSC_7135-scaled.jpg 1988w, https:\/\/kadrus.lt\/wp-content\/uploads\/2026\/03\/DSC_7135-233x300.jpg 233w, https:\/\/kadrus.lt\/wp-content\/uploads\/2026\/03\/DSC_7135-795x1024.jpg 795w, https:\/\/kadrus.lt\/wp-content\/uploads\/2026\/03\/DSC_7135-768x989.jpg 768w, https:\/\/kadrus.lt\/wp-content\/uploads\/2026\/03\/DSC_7135-1193x1536.jpg 1193w, https:\/\/kadrus.lt\/wp-content\/uploads\/2026\/03\/DSC_7135-1591x2048.jpg 1591w\" sizes=\"(max-width: 1988px) 100vw, 1988px\" \/><\/figure>\n\n\n\n<figure style=\"opacity: 0;\" superb-addons-animation=\"zoomIn\" class=\"wp-block-image size-full has-custom-border\"><img loading=\"lazy\" decoding=\"async\" width=\"2073\" height=\"2560\" data-id=\"559\" src=\"https:\/\/kadrus.lt\/wp-content\/uploads\/2026\/03\/DSC_6904-scaled.jpg\" alt=\"\" class=\"wp-image-559\" style=\"border-top-left-radius:5px;border-top-right-radius:5px;border-bottom-left-radius:5px;border-bottom-right-radius:5px\" srcset=\"https:\/\/kadrus.lt\/wp-content\/uploads\/2026\/03\/DSC_6904-scaled.jpg 2073w, https:\/\/kadrus.lt\/wp-content\/uploads\/2026\/03\/DSC_6904-243x300.jpg 243w, https:\/\/kadrus.lt\/wp-content\/uploads\/2026\/03\/DSC_6904-829x1024.jpg 829w, https:\/\/kadrus.lt\/wp-content\/uploads\/2026\/03\/DSC_6904-768x949.jpg 768w, https:\/\/kadrus.lt\/wp-content\/uploads\/2026\/03\/DSC_6904-1244x1536.jpg 1244w, https:\/\/kadrus.lt\/wp-content\/uploads\/2026\/03\/DSC_6904-1658x2048.jpg 1658w\" sizes=\"(max-width: 2073px) 100vw, 2073px\" \/><\/figure>\n\n\n\n<figure style=\"opacity: 0;\" superb-addons-animation=\"zoomIn\" class=\"wp-block-image size-full has-custom-border\"><img loading=\"lazy\" decoding=\"async\" width=\"2113\" height=\"2560\" data-id=\"564\" src=\"https:\/\/kadrus.lt\/wp-content\/uploads\/2026\/03\/DSC_3831-scaled.jpg\" alt=\"\" class=\"wp-image-564\" style=\"border-top-left-radius:5px;border-top-right-radius:5px;border-bottom-left-radius:5px;border-bottom-right-radius:5px\" srcset=\"https:\/\/kadrus.lt\/wp-content\/uploads\/2026\/03\/DSC_3831-scaled.jpg 2113w, https:\/\/kadrus.lt\/wp-content\/uploads\/2026\/03\/DSC_3831-248x300.jpg 248w, https:\/\/kadrus.lt\/wp-content\/uploads\/2026\/03\/DSC_3831-845x1024.jpg 845w, https:\/\/kadrus.lt\/wp-content\/uploads\/2026\/03\/DSC_3831-768x931.jpg 768w, https:\/\/kadrus.lt\/wp-content\/uploads\/2026\/03\/DSC_3831-1268x1536.jpg 1268w, https:\/\/kadrus.lt\/wp-content\/uploads\/2026\/03\/DSC_3831-1690x2048.jpg 1690w\" sizes=\"(max-width: 2113px) 100vw, 2113px\" \/><\/figure>\n\n\n\n<figure style=\"opacity: 0;\" superb-addons-animation=\"zoomIn\" class=\"wp-block-image size-large has-custom-border\"><img loading=\"lazy\" decoding=\"async\" width=\"750\" height=\"1024\" data-id=\"566\" src=\"https:\/\/kadrus.lt\/wp-content\/uploads\/2026\/03\/DSC_3342-750x1024.jpg\" alt=\"\" class=\"wp-image-566\" style=\"border-top-left-radius:5px;border-top-right-radius:5px;border-bottom-left-radius:5px;border-bottom-right-radius:5px\" srcset=\"https:\/\/kadrus.lt\/wp-content\/uploads\/2026\/03\/DSC_3342-750x1024.jpg 750w, https:\/\/kadrus.lt\/wp-content\/uploads\/2026\/03\/DSC_3342-220x300.jpg 220w, https:\/\/kadrus.lt\/wp-content\/uploads\/2026\/03\/DSC_3342-768x1048.jpg 768w, https:\/\/kadrus.lt\/wp-content\/uploads\/2026\/03\/DSC_3342-1125x1536.jpg 1125w, https:\/\/kadrus.lt\/wp-content\/uploads\/2026\/03\/DSC_3342-1500x2048.jpg 1500w, https:\/\/kadrus.lt\/wp-content\/uploads\/2026\/03\/DSC_3342-scaled.jpg 1875w\" sizes=\"(max-width: 750px) 100vw, 750px\" \/><\/figure>\n\n\n\n<figure style=\"opacity: 0;\" superb-addons-animation=\"zoomIn\" class=\"wp-block-image size-full has-custom-border\"><img loading=\"lazy\" decoding=\"async\" width=\"1702\" height=\"2560\" data-id=\"364\" src=\"https:\/\/kadrus.lt\/wp-content\/uploads\/2026\/02\/DSC_9090-scaled.jpg\" alt=\"\" class=\"wp-image-364\" style=\"border-radius:5px\" srcset=\"https:\/\/kadrus.lt\/wp-content\/uploads\/2026\/02\/DSC_9090-scaled.jpg 1702w, https:\/\/kadrus.lt\/wp-content\/uploads\/2026\/02\/DSC_9090-199x300.jpg 199w, https:\/\/kadrus.lt\/wp-content\/uploads\/2026\/02\/DSC_9090-681x1024.jpg 681w, https:\/\/kadrus.lt\/wp-content\/uploads\/2026\/02\/DSC_9090-768x1155.jpg 768w, https:\/\/kadrus.lt\/wp-content\/uploads\/2026\/02\/DSC_9090-1021x1536.jpg 1021w, https:\/\/kadrus.lt\/wp-content\/uploads\/2026\/02\/DSC_9090-1362x2048.jpg 1362w\" sizes=\"(max-width: 1702px) 100vw, 1702px\" \/><\/figure>\n\n\n\n<figure style=\"opacity: 0;\" superb-addons-animation=\"zoomIn\" class=\"wp-block-image size-full has-custom-border\"><img loading=\"lazy\" decoding=\"async\" width=\"1918\" height=\"2560\" data-id=\"562\" src=\"https:\/\/kadrus.lt\/wp-content\/uploads\/2026\/03\/DSC_6508-scaled.jpg\" alt=\"\" class=\"wp-image-562\" style=\"border-top-left-radius:5px;border-top-right-radius:5px;border-bottom-left-radius:5px;border-bottom-right-radius:5px\" srcset=\"https:\/\/kadrus.lt\/wp-content\/uploads\/2026\/03\/DSC_6508-scaled.jpg 1918w, https:\/\/kadrus.lt\/wp-content\/uploads\/2026\/03\/DSC_6508-225x300.jpg 225w, https:\/\/kadrus.lt\/wp-content\/uploads\/2026\/03\/DSC_6508-767x1024.jpg 767w, https:\/\/kadrus.lt\/wp-content\/uploads\/2026\/03\/DSC_6508-768x1025.jpg 768w, https:\/\/kadrus.lt\/wp-content\/uploads\/2026\/03\/DSC_6508-1151x1536.jpg 1151w, https:\/\/kadrus.lt\/wp-content\/uploads\/2026\/03\/DSC_6508-1534x2048.jpg 1534w\" sizes=\"(max-width: 1918px) 100vw, 1918px\" \/><\/figure>\n\n\n\n<figure style=\"opacity: 0;\" superb-addons-animation=\"zoomIn\" class=\"wp-block-image size-full has-custom-border\"><img loading=\"lazy\" decoding=\"async\" width=\"1702\" height=\"2560\" data-id=\"434\" src=\"https:\/\/kadrus.lt\/wp-content\/uploads\/2026\/03\/DSC_9175-scaled.jpg\" alt=\"\" class=\"wp-image-434\" style=\"border-radius:5px\" srcset=\"https:\/\/kadrus.lt\/wp-content\/uploads\/2026\/03\/DSC_9175-scaled.jpg 1702w, https:\/\/kadrus.lt\/wp-content\/uploads\/2026\/03\/DSC_9175-199x300.jpg 199w, https:\/\/kadrus.lt\/wp-content\/uploads\/2026\/03\/DSC_9175-681x1024.jpg 681w, https:\/\/kadrus.lt\/wp-content\/uploads\/2026\/03\/DSC_9175-768x1155.jpg 768w, https:\/\/kadrus.lt\/wp-content\/uploads\/2026\/03\/DSC_9175-1021x1536.jpg 1021w, https:\/\/kadrus.lt\/wp-content\/uploads\/2026\/03\/DSC_9175-1362x2048.jpg 1362w\" sizes=\"(max-width: 1702px) 100vw, 1702px\" \/><\/figure>\n\n\n\n<figure style=\"opacity: 0;\" superb-addons-animation=\"zoomIn\" class=\"wp-block-image size-full has-custom-border\"><img loading=\"lazy\" decoding=\"async\" width=\"1884\" height=\"2560\" data-id=\"565\" src=\"https:\/\/kadrus.lt\/wp-content\/uploads\/2026\/03\/DSC_4057-2-scaled.jpg\" alt=\"\" class=\"wp-image-565\" style=\"border-top-left-radius:5px;border-top-right-radius:5px;border-bottom-left-radius:5px;border-bottom-right-radius:5px\" srcset=\"https:\/\/kadrus.lt\/wp-content\/uploads\/2026\/03\/DSC_4057-2-scaled.jpg 1884w, https:\/\/kadrus.lt\/wp-content\/uploads\/2026\/03\/DSC_4057-2-221x300.jpg 221w, https:\/\/kadrus.lt\/wp-content\/uploads\/2026\/03\/DSC_4057-2-754x1024.jpg 754w, https:\/\/kadrus.lt\/wp-content\/uploads\/2026\/03\/DSC_4057-2-768x1043.jpg 768w, https:\/\/kadrus.lt\/wp-content\/uploads\/2026\/03\/DSC_4057-2-1131x1536.jpg 1131w, https:\/\/kadrus.lt\/wp-content\/uploads\/2026\/03\/DSC_4057-2-1508x2048.jpg 1508w\" sizes=\"(max-width: 1884px) 100vw, 1884px\" \/><\/figure>\n\n\n\n<figure style=\"opacity: 0;\" superb-addons-animation=\"zoomIn\" class=\"wp-block-image size-full has-custom-border\"><img loading=\"lazy\" decoding=\"async\" width=\"1702\" height=\"2560\" data-id=\"433\" src=\"https:\/\/kadrus.lt\/wp-content\/uploads\/2026\/03\/DSC_8885-scaled.jpg\" alt=\"\" class=\"wp-image-433\" style=\"border-radius:5px\" srcset=\"https:\/\/kadrus.lt\/wp-content\/uploads\/2026\/03\/DSC_8885-scaled.jpg 1702w, https:\/\/kadrus.lt\/wp-content\/uploads\/2026\/03\/DSC_8885-199x300.jpg 199w, https:\/\/kadrus.lt\/wp-content\/uploads\/2026\/03\/DSC_8885-681x1024.jpg 681w, https:\/\/kadrus.lt\/wp-content\/uploads\/2026\/03\/DSC_8885-768x1155.jpg 768w, https:\/\/kadrus.lt\/wp-content\/uploads\/2026\/03\/DSC_8885-1021x1536.jpg 1021w, https:\/\/kadrus.lt\/wp-content\/uploads\/2026\/03\/DSC_8885-1362x2048.jpg 1362w\" sizes=\"(max-width: 1702px) 100vw, 1702px\" \/><\/figure>\n\n\n\n<figure style=\"opacity: 0;\" superb-addons-animation=\"zoomIn\" class=\"wp-block-image size-full has-custom-border\"><img loading=\"lazy\" decoding=\"async\" width=\"1781\" height=\"2560\" data-id=\"561\" src=\"https:\/\/kadrus.lt\/wp-content\/uploads\/2026\/03\/DSC_7112-scaled.jpg\" alt=\"\" class=\"wp-image-561\" style=\"border-top-left-radius:5px;border-top-right-radius:5px;border-bottom-left-radius:5px;border-bottom-right-radius:5px\" srcset=\"https:\/\/kadrus.lt\/wp-content\/uploads\/2026\/03\/DSC_7112-scaled.jpg 1781w, https:\/\/kadrus.lt\/wp-content\/uploads\/2026\/03\/DSC_7112-209x300.jpg 209w, https:\/\/kadrus.lt\/wp-content\/uploads\/2026\/03\/DSC_7112-712x1024.jpg 712w, https:\/\/kadrus.lt\/wp-content\/uploads\/2026\/03\/DSC_7112-768x1104.jpg 768w, https:\/\/kadrus.lt\/wp-content\/uploads\/2026\/03\/DSC_7112-1068x1536.jpg 1068w, https:\/\/kadrus.lt\/wp-content\/uploads\/2026\/03\/DSC_7112-1425x2048.jpg 1425w\" sizes=\"(max-width: 1781px) 100vw, 1781px\" \/><\/figure>\n\n\n\n<figure style=\"opacity: 0;\" superb-addons-animation=\"zoomIn\" class=\"wp-block-image size-full has-custom-border\"><img loading=\"lazy\" decoding=\"async\" width=\"2560\" height=\"1702\" data-id=\"436\" src=\"https:\/\/kadrus.lt\/wp-content\/uploads\/2026\/03\/DSC_9348-scaled.jpg\" alt=\"\" class=\"wp-image-436\" style=\"border-radius:5px\" srcset=\"https:\/\/kadrus.lt\/wp-content\/uploads\/2026\/03\/DSC_9348-scaled.jpg 2560w, https:\/\/kadrus.lt\/wp-content\/uploads\/2026\/03\/DSC_9348-300x199.jpg 300w, https:\/\/kadrus.lt\/wp-content\/uploads\/2026\/03\/DSC_9348-1024x681.jpg 1024w, https:\/\/kadrus.lt\/wp-content\/uploads\/2026\/03\/DSC_9348-768x511.jpg 768w, https:\/\/kadrus.lt\/wp-content\/uploads\/2026\/03\/DSC_9348-1536x1021.jpg 1536w, https:\/\/kadrus.lt\/wp-content\/uploads\/2026\/03\/DSC_9348-2048x1362.jpg 2048w\" sizes=\"(max-width: 2560px) 100vw, 2560px\" \/><\/figure>\n\n\n\n<figure style=\"opacity: 0;\" superb-addons-animation=\"zoomIn\" class=\"wp-block-image size-full has-custom-border\"><img loading=\"lazy\" decoding=\"async\" width=\"1930\" height=\"2560\" data-id=\"563\" src=\"https:\/\/kadrus.lt\/wp-content\/uploads\/2026\/03\/DSC_6158-scaled.jpg\" alt=\"\" class=\"wp-image-563\" style=\"border-top-left-radius:5px;border-top-right-radius:5px;border-bottom-left-radius:5px;border-bottom-right-radius:5px\" srcset=\"https:\/\/kadrus.lt\/wp-content\/uploads\/2026\/03\/DSC_6158-scaled.jpg 1930w, https:\/\/kadrus.lt\/wp-content\/uploads\/2026\/03\/DSC_6158-226x300.jpg 226w, https:\/\/kadrus.lt\/wp-content\/uploads\/2026\/03\/DSC_6158-772x1024.jpg 772w, https:\/\/kadrus.lt\/wp-content\/uploads\/2026\/03\/DSC_6158-768x1019.jpg 768w, https:\/\/kadrus.lt\/wp-content\/uploads\/2026\/03\/DSC_6158-1158x1536.jpg 1158w, https:\/\/kadrus.lt\/wp-content\/uploads\/2026\/03\/DSC_6158-1544x2048.jpg 1544w\" sizes=\"(max-width: 1930px) 100vw, 1930px\" \/><\/figure>\n<\/figure>\n\n\n\n<div class=\"wp-block-columns is-layout-flex wp-container-core-columns-is-layout-28f84493 wp-block-columns-is-layout-flex\">\n<div class=\"wp-block-column is-layout-flow wp-block-column-is-layout-flow\">\n<figure class=\"wp-block-embed is-type-video is-provider-youtube wp-block-embed-youtube wp-embed-aspect-9-16 wp-has-aspect-ratio\"><div class=\"wp-block-embed__wrapper\">\n<iframe title=\"Gimtadienio svente\" width=\"422\" height=\"750\" src=\"https:\/\/www.youtube.com\/embed\/_6SLXwYzzFk?feature=oembed\" frameborder=\"0\" allow=\"accelerometer; autoplay; clipboard-write; encrypted-media; gyroscope; picture-in-picture; web-share\" referrerpolicy=\"strict-origin-when-cross-origin\" allowfullscreen><\/iframe>\n<\/div><\/figure>\n<\/div>\n\n\n\n<div class=\"wp-block-column is-layout-flow wp-block-column-is-layout-flow\">\n<figure style=\"opacity: 0;\" superb-addons-animation=\"zoomIn\" class=\"wp-block-embed is-type-video is-provider-youtube wp-block-embed-youtube wp-embed-aspect-16-9 wp-has-aspect-ratio\"><div class=\"wp-block-embed__wrapper\">\n<iframe title=\"Denui 1\" width=\"500\" height=\"281\" src=\"https:\/\/www.youtube.com\/embed\/MQrXAWESZEU?feature=oembed\" frameborder=\"0\" allow=\"accelerometer; autoplay; clipboard-write; encrypted-media; gyroscope; picture-in-picture; web-share\" referrerpolicy=\"strict-origin-when-cross-origin\" allowfullscreen><\/iframe>\n<\/div><\/figure>\n<\/div>\n\n\n\n<div class=\"wp-block-column is-layout-flow wp-block-column-is-layout-flow\"><\/div>\n<\/div>\n<\/div>\n\n\n\n<p><\/p>\n","protected":false},"excerpt":{"rendered":"<p>Asmenin\u0117s \u0161vent\u0117s<\/p>\n","protected":false},"author":1,"featured_media":0,"parent":0,"menu_order":0,"comment_status":"closed","ping_status":"closed","template":"asmenin-s-vent-s","meta":{"footnotes":""},"class_list":["post-302","page","type-page","status-publish","hentry"],"_hostinger_reach_plugin_has_subscription_block":false,"_hostinger_reach_plugin_is_elementor":false,"_links":{"self":[{"href":"https:\/\/kadrus.lt\/index.php?rest_route=\/wp\/v2\/pages\/302","targetHints":{"allow":["GET"]}}],"collection":[{"href":"https:\/\/kadrus.lt\/index.php?rest_route=\/wp\/v2\/pages"}],"about":[{"href":"https:\/\/kadrus.lt\/index.php?rest_route=\/wp\/v2\/types\/page"}],"author":[{"embeddable":true,"href":"https:\/\/kadrus.lt\/index.php?rest_route=\/wp\/v2\/users\/1"}],"replies":[{"embeddable":true,"href":"https:\/\/kadrus.lt\/index.php?rest_route=%2Fwp%2Fv2%2Fcomments&post=302"}],"version-history":[{"count":15,"href":"https:\/\/kadrus.lt\/index.php?rest_route=\/wp\/v2\/pages\/302\/revisions"}],"predecessor-version":[{"id":620,"href":"https:\/\/kadrus.lt\/index.php?rest_route=\/wp\/v2\/pages\/302\/revisions\/620"}],"wp:attachment":[{"href":"https:\/\/kadrus.lt\/index.php?rest_route=%2Fwp%2Fv2%2Fmedia&parent=302"}],"curies":[{"name":"wp","href":"https:\/\/api.w.org\/{rel}","templated":true}]}}